{"id":15792,"date":"2024-12-06T09:25:22","date_gmt":"2024-12-06T08:25:22","guid":{"rendered":"https:\/\/vereskriszta.com\/webshop\/?post_type=product&#038;p=15792"},"modified":"2026-04-09T13:30:12","modified_gmt":"2026-04-09T11:30:12","slug":"tiamat-olaj","status":"publish","type":"product","link":"https:\/\/vereskriszta.com\/webshop\/termek\/tiamat-olaj\/","title":{"rendered":"Tiamat Olaj"},"content":{"rendered":"<h3 style=\"font-weight: 400;\">Tiamat Olaj \u2013 a m\u00edtosz:<\/h3>\n<p style=\"font-weight: 400;\">Tiamat, az \u0150sS\u00e1rk\u00e1nyAnya, aki \u0151rizte a K\u00e1osz \u0150sViz\u00e9t. A sum\u00e9r mitol\u00f3gia szerint l\u00e9tezett m\u00e1r azel\u0151tt, hogy b\u00e1rmi a form\u00e1kb\u00f3l testet \u00f6lt\u00f6tt volna. Bel\u0151le indul az Istenek sz\u00fclet\u00e9se, akik k\u00e9s\u0151bb az \u0150sAnya ellen fordulnak \u00e9s Marduk a Vihar \u00e9s a H\u00e1bor\u00fa Istene lem\u00e9sz\u00e1rolja \u0151t. S\u00e1rk\u00e1nytest\u00e9t kett\u0151be v\u00e1gja, \u00edgy megsz\u00fcletik bel\u0151le az \u00c9g \u00e9s a F\u00f6ld, f\u00e1jdalm\u00e1ban hull\u00f3 k\u00f6nnyeib\u0151l pedig megsz\u00fcletik az Eufr\u00e1tesz \u00e9s a Tigris foly\u00f3, a k\u00e9t foly\u00f3 \u00f6lel\u00e9s\u00e9ben pedig az \u0150si Mezopot\u00e1mia.<\/p>\n<p style=\"font-weight: 400;\">M\u00edtosz arr\u00f3l, ahogy a Patriarch\u00e1lis t\u00e1rsadalmak az \u0150sAny\u00e1t lem\u00e9sz\u00e1rolj\u00e1k, de \u0150 t\u00e1pl\u00e1l tov\u00e1bbra is, \u00e9s v\u00e1rja, hogy eml\u00e9kezz\u00fcnk&#8230;<\/p>\n<p style=\"font-weight: 400;\">T\u00f6rt\u00e9net, mely elmes\u00e9li Gaia sz\u00fclet\u00e9s\u00e9t. Tiamat az Els\u0151 F\u00f6ld, mely az EGYben l\u00e9tezik, eml\u00e9kezik az EGYre. Marduk (Nibiru) bolyg\u00f3 meg\u00e9rkezik a Naprendszerbe \u00e9s szemben halad a bolyg\u00f3k mozg\u00e1s\u00e1val. Az \u00fctk\u00f6z\u00e9s Tiamatot, az Els\u0151 F\u00f6ldet kett\u0151be has\u00edtja: a F\u00f6ldre, amelyen \u00e9l\u00fcnk \u00e9s a Jupiter \u00e9s Mars k\u00f6z\u00f6tti aszteroida \u00f6vre&#8230;<\/p>\n<h4 style=\"font-weight: 400;\">Tiamat Olaj alapja:<\/h4>\n<p style=\"font-weight: 400;\">Tiamat Szakr\u00e1lis Olajunk meghajl\u00e1s Tiamat, \u0150sS\u00e1rk\u00e1nyAnya fel\u00e9. Tiamat Olajunk ima a F\u00f6ld Tiamatban val\u00f3 \u00fajj\u00e1sz\u00fclet\u00e9s\u00e9\u00e9rt. Tiamat Olajunk megtiszt\u00edt.<\/p>\n<p style=\"font-weight: 400;\">Alapja a S\u00e1fr\u00e1ny.<\/p>\n<p style=\"font-weight: 400;\">Mardin var\u00e1zsv\u00e1ros\u00e1t\u00f3l nem messze a Sz\u00edriai hat\u00e1r k\u00f6zel\u00e9ben \u00e1ll a S\u00e1fr\u00e1ny Kolostor, alatta pedig mindaz, ami megmaradt az egykori Sum\u00e9r templomb\u00f3l. S\u00e1fr\u00e1nyt kevertek a kolostor \u00e9p\u00edt\u0151anyag\u00e1ba.<\/p>\n<p style=\"font-weight: 400;\">A S\u00e1fr\u00e1ny a Tisztas\u00e1g, \u00c1rtatlans\u00e1g \u00e9s Szents\u00e9g rezg\u00e9s\u00e9t hordozza. Aranyl\u00f3 sz\u00edne jelk\u00e9pezi azt, ami mag\u00e1t az Anyagb\u00f3l ARANNY\u00c1 min\u0151s\u00edti. Azt, amikor fel\u00e9bred\u00fcnk az Isteni F\u00e9nyre, melyet bel\u00fcl hordozunk.<\/p>\n<h4 style=\"font-weight: 400;\">Tiamat Olaj rezg\u00e9se:<\/h4>\n<p style=\"font-weight: 400;\">A S\u00e1fr\u00e1ny Kolostorban ma is ar\u00e1mi nyelven besz\u00e9lnek, J\u00e9zus nyelv\u00e9n. A Krisztusi F\u00e9nyk\u00f3dok nyelv\u00e9n, melyben ott a Krisztusi Miszt\u00e9rium Tisztas\u00e1ga.<\/p>\n<p style=\"font-weight: 400;\">Tiamat Olajunk \u00e9breszti a sebzetts\u00e9g\u00e9b\u0151l Arany min\u0151s\u00e9g\u00e9re \u00e9bredt F\u00e9rfi energi\u00e1j\u00e1t. A Szakr\u00e1lis Krisztusi F\u00e9rfit, aki az Any\u00e1t, a N\u0151it visszahelyezi az \u0151t megillet\u0151 helyre, Tr\u00f3nsz\u00e9kre.<\/p>\n<p style=\"font-weight: 400;\">Tiamat Olajunk EGYbe sim\u00edtja azt, ami sz\u00e9tesett \u00e9s visszavisz Tiamat, az Els\u0151 F\u00f6ld Tisztas\u00e1g\u00e1ba.<\/p>\n<h4 style=\"font-weight: 400;\">Tiamat Olaj haszn\u00e1lata:<\/h4>\n<p style=\"font-weight: 400;\">L\u00e9legezd be m\u00e9lyen az olaj rezg\u00e9s\u00e9t, \u00e9rints meg vele a sz\u00edvcsakr\u00e1dat, \u00e9s mondd ki ezt:<\/p>\n<p style=\"font-weight: 400;\">\u201eTe az \u00c9letnek \u00c9leted Ad\u00f3. Apja \u00e9s Anyja a Kozmosznak. Te teremtesz mindent, ami a F\u00e9nyben mozdul.<\/p>\n<p style=\"font-weight: 400;\">F\u00f3kusz\u00e1ld F\u00e9nyed benn\u00fcnk. Tedd hasznoss\u00e1 \u00e1ltalunk. V\u00e1ljunk jelz\u0151f\u00e9nny\u00e9, mely mutatja az utat&#8230;\u201d (r\u00e9szlet az eredeti Ar\u00e1mi nyelv\u0171 Miaty\u00e1nkb\u00f3l)<\/p>\n<p style=\"font-weight: 400;\">\u00c9rintsd meg vele \u00fajra a sz\u00edvcsakr\u00e1dat, l\u00e1sd, ahogyan Arany F\u00e9nny\u00e9 v\u00e1ltozik az olaj rezg\u00e9se a sz\u00edvcsakr\u00e1dba. L\u00e1sd \u00e9s \u00e9rezd, ahogy az Arany F\u00e9ny n\u00f6vekszik, megt\u00f6lti minden egyes sejted, gy\u00f3gy\u00edtja benned a sz\u00e9tv\u00e1lasztotts\u00e1got. N\u00f6vekszik az Arany F\u00e9ny \u00e9s jelz\u0151f\u00e9nny\u00e9 v\u00e1ltozol&#8230;<\/p>\n<p style=\"font-weight: 400;\">\u00c1ld\u00e1s.<\/p>","protected":false},"excerpt":{"rendered":"<h3>A Tiamat Olaj \u00edgy jut el hozz\u00e1d:<\/h3>\n<p>A Tiamat olajat 5 ml kiszerel\u00e9sben tudod megv\u00e1s\u00e1rolni.<\/p>\n<p>Az olaj \u00e1ra nem tartalmazza a sz\u00e1ll\u00edt\u00e1si k\u00f6lts\u00e9get.<\/p>\n","protected":false},"featured_media":15793,"template":"","meta":[],"product_brand":[],"product_cat":[31],"product_tag":[],"class_list":{"0":"post-15792","1":"product","2":"type-product","3":"status-publish","4":"has-post-thumbnail","6":"product_cat-szakralis-egyiptomi-olajok","8":"first","9":"instock","10":"taxable","11":"shipping-taxable","12":"purchasable","13":"product-type-simple"},"_links":{"self":[{"href":"https:\/\/vereskriszta.com\/webshop\/wp-json\/wp\/v2\/product\/15792","targetHints":{"allow":["GET"]}}],"collection":[{"href":"https:\/\/vereskriszta.com\/webshop\/wp-json\/wp\/v2\/product"}],"about":[{"href":"https:\/\/vereskriszta.com\/webshop\/wp-json\/wp\/v2\/types\/product"}],"wp:featuredmedia":[{"embeddable":true,"href":"https:\/\/vereskriszta.com\/webshop\/wp-json\/wp\/v2\/media\/15793"}],"wp:attachment":[{"href":"https:\/\/vereskriszta.com\/webshop\/wp-json\/wp\/v2\/media?parent=15792"}],"wp:term":[{"taxonomy":"product_brand","embeddable":true,"href":"https:\/\/vereskriszta.com\/webshop\/wp-json\/wp\/v2\/product_brand?post=15792"},{"taxonomy":"product_cat","embeddable":true,"href":"https:\/\/vereskriszta.com\/webshop\/wp-json\/wp\/v2\/product_cat?post=15792"},{"taxonomy":"product_tag","embeddable":true,"href":"https:\/\/vereskriszta.com\/webshop\/wp-json\/wp\/v2\/product_tag?post=15792"}],"curies":[{"name":"wp","href":"https:\/\/api.w.org\/{rel}","templated":true}]}}