{"id":15593,"date":"2024-11-27T09:32:50","date_gmt":"2024-11-27T08:32:50","guid":{"rendered":"https:\/\/vereskriszta.com\/webshop\/?post_type=product&#038;p=15593"},"modified":"2026-02-27T16:00:03","modified_gmt":"2026-02-27T15:00:03","slug":"kek-lotusz-virag-utantoltesre","status":"publish","type":"product","link":"https:\/\/vereskriszta.com\/webshop\/termek\/kek-lotusz-virag-utantoltesre\/","title":{"rendered":"K\u00e9k L\u00f3tusz Vir\u00e1g (ut\u00e1nt\u00f6lt\u00e9sre)"},"content":{"rendered":"<h3>K\u00e9k L\u00f3tusz Vir\u00e1g &#8211; Fels\u0151-Egyiptom Megszentelt Vir\u00e1ga:<\/h3>\n<p>A legszentebb felaj\u00e1nl\u00e1s az Isteninek. A K\u00e9k L\u00f3tusz illata Isten lehelete, mely sz\u00e9ps\u00e9ggel t\u00f6lti meg a fizikai l\u00e9tez\u00e9st.<\/p>\n<p>A K\u00c9K L\u00d3TUSZ Ima. A H\u00c1LA Im\u00e1ja. ISTEN Im\u00e1ja. Az EGY Im\u00e1ja.<\/p>\n<p>Ez a finom rezg\u00e9s\u0171 mestern\u00f6v\u00e9ny elvisz abba az \u00e1llapotba, amikor tudod, \u00e9rzed, minden sejteddel \u00e9led, hogy k\u00e9rned sem kell m\u00e1r, hiszen az EGY minden sz\u00e1nd\u00e9kodat ismeri. Nem kell az\u00e9rt im\u00e1dkoznod, hogy Isten meghallgasson. Egyszer\u0171en csak h\u00e1l\u00e1t adva megpihensz abban a bizalomban, hogy Isten \u00e9rted dolgozik.<\/p>\n<p>\u00c9s MINDEN CSAK VAN&#8230;<\/p>\n<h3>A K\u00e9k L\u00f3tusz Vir\u00e1g haszn\u00e1lata:<\/h3>\n<p>A finom rezg\u00e9s\u0171 vir\u00e1g medit\u00e1ci\u00f3k, szertart\u00e1sok csod\u00e1latos eszk\u00f6ze. K\u00e9sz\u00edthetsz bel\u0151le te\u00e1t, a vir\u00e1ggal \u00e1trezgetett vizet vagy egyszer\u0171en kapcsol\u00f3dhatsz a vir\u00e1ggal saj\u00e1t medit\u00e1ci\u00f3dban, vagy m\u00e1soknak tartott szertart\u00e1sban. A vir\u00e1g eszenci\u00e1ja lecsendes\u00edti az elm\u00e9t, \u00e9s elvisz a sz\u00edvb\u0151l ny\u00edl\u00f3 dimenzi\u00f3kba.<\/p>","protected":false},"excerpt":{"rendered":"<h3>K\u00e9k L\u00f3tusz Vir\u00e1g<\/h3>\n<p>Azoknak aj\u00e1nljuk, akik m\u00e1r kor\u00e1bban megrendelt\u00e9k m\u00e9lt\u00f3 csomagol\u00e1s\u00e1ban a <a href=\"https:\/\/vereskriszta.com\/webshop\/termek\/kek-lotusz-virag-2\/\">K\u00e9k L\u00f3tusz Vir\u00e1g<\/a>ot &#8211; Cs\u00e1sz\u00e1r Magdolna k\u00e9zzel festett, arany l\u00f3tuszokkal d\u00edsz\u00edtett selyem ersz\u00e9nyeiben -, \u00e9s tov\u00e1bbra is szeretn\u00e9nek dolgozni a vir\u00e1ggal, de a csomagol\u00e1suk m\u00e1r megvan hozz\u00e1.<\/p>\n<p>5 gramm vir\u00e1g pap\u00edrzacsk\u00f3ba csomagolva<\/p>\n<p>A vir\u00e1g sz\u00e1ll\u00edt\u00e1sa 3-5 munkanapon bel\u00fcl t\u00f6rt\u00e9nik.<\/p>\n<p>A vir\u00e1g \u00e1ra nem tartalmazza a sz\u00e1ll\u00edt\u00e1si k\u00f6lts\u00e9get (2.850 Ft).<\/p>\n","protected":false},"featured_media":15764,"template":"","meta":[],"product_brand":[],"product_cat":[31],"product_tag":[],"class_list":{"0":"post-15593","1":"product","2":"type-product","3":"status-publish","4":"has-post-thumbnail","6":"product_cat-szakralis-egyiptomi-olajok","8":"first","9":"instock","10":"purchasable","11":"product-type-simple"},"_links":{"self":[{"href":"https:\/\/vereskriszta.com\/webshop\/wp-json\/wp\/v2\/product\/15593","targetHints":{"allow":["GET"]}}],"collection":[{"href":"https:\/\/vereskriszta.com\/webshop\/wp-json\/wp\/v2\/product"}],"about":[{"href":"https:\/\/vereskriszta.com\/webshop\/wp-json\/wp\/v2\/types\/product"}],"wp:featuredmedia":[{"embeddable":true,"href":"https:\/\/vereskriszta.com\/webshop\/wp-json\/wp\/v2\/media\/15764"}],"wp:attachment":[{"href":"https:\/\/vereskriszta.com\/webshop\/wp-json\/wp\/v2\/media?parent=15593"}],"wp:term":[{"taxonomy":"product_brand","embeddable":true,"href":"https:\/\/vereskriszta.com\/webshop\/wp-json\/wp\/v2\/product_brand?post=15593"},{"taxonomy":"product_cat","embeddable":true,"href":"https:\/\/vereskriszta.com\/webshop\/wp-json\/wp\/v2\/product_cat?post=15593"},{"taxonomy":"product_tag","embeddable":true,"href":"https:\/\/vereskriszta.com\/webshop\/wp-json\/wp\/v2\/product_tag?post=15593"}],"curies":[{"name":"wp","href":"https:\/\/api.w.org\/{rel}","templated":true}]}}