{"id":15296,"date":"2024-07-16T19:01:27","date_gmt":"2024-07-16T17:01:27","guid":{"rendered":"https:\/\/vereskriszta.com\/webshop\/?post_type=product&#038;p=15296"},"modified":"2026-01-16T12:42:11","modified_gmt":"2026-01-16T11:42:11","slug":"egyiptomi-koldok-csakra-olaj","status":"publish","type":"product","link":"https:\/\/vereskriszta.com\/webshop\/termek\/egyiptomi-koldok-csakra-olaj\/","title":{"rendered":"Egyiptomi K\u00f6ld\u00f6k Csakra Olaj"},"content":{"rendered":"<h3 style=\"font-weight: 400;\">Egyiptomi K\u00f6ld\u00f6k Csakra Olaj &#8211; Karnak Templom:<\/h3>\n<p style=\"font-weight: 400;\">Az \u0150si Egyiptom templomai megfeleltethet\u0151ek Egyiptom k\u00fcl\u00f6nb\u00f6z\u0151 csakra-pontjainak. Minden templom saj\u00e1tos energi\u00e1kkal \u00e9s spiritu\u00e1lis rezg\u00e9sekkel rendelkezik, melyek m\u00e9ly kapcsolatban \u00e1llnak a csakr\u00e1inkkal. E templomok szent atmoszf\u00e9r\u00e1ja \u00e9s az ott tal\u00e1lhat\u00f3 illat-eszenci\u00e1k k\u00fcl\u00f6nleges hat\u00e1ssal vannak a bels\u0151 egyens\u00falyunkra \u00e9s harm\u00f3ni\u00e1nkra. Az egyiptomi kult\u00fara m\u00e9ly spiritu\u00e1lis tud\u00e1s\u00e1n alapulva, saj\u00e1t csakra illataimat ezen szent helyeken aktiv\u00e1ltam, hogy seg\u00edtsenek a medit\u00e1ci\u00f3 \u00e9s az \u00f6nismeret \u00fatj\u00e1n.<\/p>\n<p style=\"font-weight: 400;\"><strong>Karnak Temploma az \u0151si Egyiptomban a k\u00f6ld\u00f6k csakr\u00e1hoz kapcsol\u00f3dik<\/strong>, amely az \u00f6nbizalom, az er\u0151 \u00e9s a szem\u00e9lyes hatalom k\u00f6zpontja. A k\u00f6ld\u00f6k csakra megfelel\u0151 m\u0171k\u00f6d\u00e9se elengedhetetlen az eg\u00e9szs\u00e9ges \u00f6n\u00e9rt\u00e9kel\u00e9s, a d\u00f6nt\u00e9shozatal \u00e9s a szem\u00e9lyes c\u00e9lok el\u00e9r\u00e9se szempontj\u00e1b\u00f3l.<\/p>\n<p><strong>Egyiptomi K\u00f6ld\u00f6k Csakra Olajunkat <a href=\"https:\/\/hu.wikipedia.org\/wiki\/Karnaki_templom\" target=\"_blank\" rel=\"noopener\">Karnakban<\/a>, Sekhmet Szent\u00e9ly\u00e9ben aktiv\u00e1ltuk. Sekhmet az Er\u0151 tiszta haszn\u00e1lat\u00e1nak \u0150rz\u0151je. Az olajat aktiv\u00e1lja benn\u00fcnk a Tiszta, azaz a Sz\u00edvb\u0151l m\u0171k\u00f6dtetett Er\u0151t.<br \/>\n<\/strong><\/p>\n<h3 style=\"font-weight: 400;\">Egyiptomi K\u00f6ld\u00f6k Csakra Olaj:<\/h3>\n<p style=\"font-weight: 400;\"><strong>Oud<\/strong> &#8211; A Karnak Templom illat-eszenci\u00e1ja az oud, amely m\u00e9lyrehat\u00f3 stabilit\u00e1st \u00e9s bels\u0151 er\u0151t hoz a k\u00f6ld\u00f6k csakr\u00e1nak. Az oud illata nemcsak hogy megnyugtatja az elm\u00e9t \u00e9s az \u00e9rzelmeket, hanem fokozza a bels\u0151 er\u0151t \u00e9s a magabiztoss\u00e1got is. Az oud gazdag, f\u00e1s arom\u00e1ja er\u0151s\u00edti a kapcsolatunkat a szem\u00e9lyes hatalom \u00e9s az \u00f6nbizalom energi\u00e1ival, ez\u00e1ltal t\u00e1mogatva a k\u00f6ld\u00f6k csakra harmonikus m\u0171k\u00f6d\u00e9s\u00e9t.<\/p>\n<p><strong>Az Oud a Kir\u00e1lyok illata, az \u0150si Szent Kir\u00e1lyok\u00e9, akik szolg\u00e1lt\u00e1k erej\u00fck teljess\u00e9g\u00e9vel eg\u00e9sz n\u00e9p\u00fcket, sz\u00edvb\u0151l. Egyiptomi K\u00f6ld\u00f6k Csakra Olajunk az Oud illata \u00e1ltal \u00f6sszekapcsol az Er\u0151vel, mely szolg\u00e1lja a Szeretetet.<\/strong><\/p>\n<h3>Egyiptomi K\u00f6ld\u00f6k Csakra Olaj &#8211; javasolt haszn\u00e1lata:<\/h3>\n<ol style=\"font-weight: 400;\">\n<li><strong>K\u00e9sz\u00edtsd el\u0151 a teret<\/strong>: Teremts nyugodt k\u00f6rnyezetet, gy\u00fajts meg egy gyerty\u00e1t, \u00e9s kapcsolj be halk, nyugtat\u00f3 zen\u00e9t.<\/li>\n<li><strong>Alkalmazd az olajat<\/strong>: Tegy\u00e9l n\u00e9h\u00e1ny csepp oud olajat a csukl\u00f3dra, a nyakadra, vagy k\u00f6zvetlen\u00fcl a k\u00f6ld\u00f6kcsakra ter\u00fclet\u00e9re, mely a k\u00f6ld\u00f6k k\u00f6rny\u00e9k\u00e9n helyezkedik el.<\/li>\n<li><strong>F\u00f3kusz\u00e1lj a l\u00e9gz\u00e9sre<\/strong>: L\u00e9legezz m\u00e9lyen \u00e9s egyenletesen, figyelve arra, ahogy az oud illata \u00e1thatja az \u00e9rz\u00e9keidet.<\/li>\n<li><strong>Vizualiz\u00e1ld a k\u00f6ld\u00f6kcsakr\u00e1t<\/strong>: K\u00e9pzeld el a k\u00f6ld\u00f6kcsakr\u00e1dat egy ragyog\u00f3 s\u00e1rga f\u00e9nyk\u00e9nt, amely lassan elkezd forogni \u00e9s egyre f\u00e9nyesebb\u00e9 v\u00e1lik az oud illat\u00e1nak hat\u00e1s\u00e1ra.<\/li>\n<li><strong>Mantr\u00e1k \u00e9s affirm\u00e1ci\u00f3k<\/strong>: Ism\u00e9teld meg a k\u00f6ld\u00f6kcsakr\u00e1hoz kapcsol\u00f3d\u00f3 mantr\u00e1kat vagy affirm\u00e1ci\u00f3kat, mint p\u00e9ld\u00e1ul: &#8222;Er\u0151s \u00e9s magabiztos vagyok. K\u00e9pes vagyok el\u00e9rni a c\u00e9ljaimat. M\u00e9lyen b\u00edzom \u00f6nmagamban.&#8221;<\/li>\n<\/ol>\n<p style=\"font-weight: 400;\">Az ouddal \u00e1titatott medit\u00e1ci\u00f3 m\u00e9lyebb kapcsol\u00f3d\u00e1st biztos\u00edt a k\u00f6ld\u00f6kcsakr\u00e1val, er\u0151s\u00edtve annak m\u0171k\u00f6d\u00e9s\u00e9t \u00e9s harmoniz\u00e1lva az energi\u00e1it. A Karnak Templom szellemis\u00e9ge \u00e1ltal inspir\u00e1lva, ez az \u0151si olaj seg\u00edt megtal\u00e1lni \u00e9s fenntartani a bels\u0151 egyens\u00falyt, \u00f6nbizalmat \u00e9s szem\u00e9lyes er\u0151t a mindennapi \u00e9letben.<\/p>\n<p><a href=\"https:\/\/vereskriszta.com\/webshop\/termek\/egyiptomi-csakra-olajok\/\">A K\u00f6ld\u00f6k Csakra Olajat szettben is rendelheted!<\/a><\/p>","protected":false},"excerpt":{"rendered":"<h3>Egyiptomi K\u00f6ld\u00f6k Csakra Olaj \u2013 inform\u00e1ci\u00f3k:<\/h3>\n<ul>\n<li>10 ml kiszerel\u00e9s\u0171 olaj<\/li>\n<li>Oud olajb\u00f3l sz\u00fcletett<\/li>\n<li>Karnak Templom\u00e1ban, Egyiptom K\u00f6ld\u00f6k Csakra Templom\u00e1ban aktiv\u00e1ltuk<\/li>\n<\/ul>\n<p>&nbsp;<\/p>\n<p>Az olajok sz\u00e1ll\u00edt\u00e1sa 3-5 munkanapon bel\u00fcl t\u00f6rt\u00e9nik.<\/p>\n<p>Az olajok \u00e1ra nem tartalmazza a sz\u00e1ll\u00edt\u00e1si k\u00f6lts\u00e9get.<\/p>\n","protected":false},"featured_media":15390,"template":"","meta":[],"product_brand":[],"product_cat":[31],"product_tag":[],"class_list":{"0":"post-15296","1":"product","2":"type-product","3":"status-publish","4":"has-post-thumbnail","6":"product_cat-szakralis-egyiptomi-olajok","8":"first","9":"instock","10":"purchasable","11":"product-type-simple"},"_links":{"self":[{"href":"https:\/\/vereskriszta.com\/webshop\/wp-json\/wp\/v2\/product\/15296","targetHints":{"allow":["GET"]}}],"collection":[{"href":"https:\/\/vereskriszta.com\/webshop\/wp-json\/wp\/v2\/product"}],"about":[{"href":"https:\/\/vereskriszta.com\/webshop\/wp-json\/wp\/v2\/types\/product"}],"wp:featuredmedia":[{"embeddable":true,"href":"https:\/\/vereskriszta.com\/webshop\/wp-json\/wp\/v2\/media\/15390"}],"wp:attachment":[{"href":"https:\/\/vereskriszta.com\/webshop\/wp-json\/wp\/v2\/media?parent=15296"}],"wp:term":[{"taxonomy":"product_brand","embeddable":true,"href":"https:\/\/vereskriszta.com\/webshop\/wp-json\/wp\/v2\/product_brand?post=15296"},{"taxonomy":"product_cat","embeddable":true,"href":"https:\/\/vereskriszta.com\/webshop\/wp-json\/wp\/v2\/product_cat?post=15296"},{"taxonomy":"product_tag","embeddable":true,"href":"https:\/\/vereskriszta.com\/webshop\/wp-json\/wp\/v2\/product_tag?post=15296"}],"curies":[{"name":"wp","href":"https:\/\/api.w.org\/{rel}","templated":true}]}}